{"id":1580,"date":"2016-10-12T13:23:33","date_gmt":"2016-10-12T13:23:33","guid":{"rendered":"http:\/\/koglek2020.vielsaitig.media\/en\/?page_id=1580"},"modified":"2021-09-28T13:38:34","modified_gmt":"2021-09-28T13:38:34","slug":"impressum","status":"publish","type":"page","link":"https:\/\/www.koglekmtc.com\/en\/impressum\/","title":{"rendered":"Impressum"},"content":{"rendered":"<p><strong>Impressum<\/strong><\/p>\n<p>F\u00fcr diese Website verantwortlicher Herausgeber:<\/p>\n<p>Koglek MTC-GmbH<br \/>\nUSt-IdNr. ATU56775289<br \/>\nFN: 230930\/d<br \/>\nFB-Gericht: Schwaz<br \/>\nMitglied der WK\u00d6, WKT<br \/>\nGesch\u00e4ftsf\u00fchrung: Koraljka Koglek-Matasovi\u0107, Maximilian Koglek<\/p>\n<p><strong>Unsere Kontaktdaten<br \/>\n<\/strong>Dornau 355<br \/>\n6292 Finkenberg<br \/>\n\u00d6sterreich<br \/>\nTelefon: +43 5285 62872<br \/>\nFax: +43 5285 62872-4<br \/>\nE-Mail:\u00a0\u00a0office@koglekmtc.com<br \/>\nInternet:\u00a0www.koglekmtc.com<\/p>\n<p><strong>Bildernachweis:<\/strong><\/p>\n<p>www.istock.com<br \/>\nwww.shutterstok<br \/>\nWebdesign \/ Entwicklung:<br \/>\nwww.cbo.hr<\/p>\n<p><strong>Haftungsausschluss<\/strong><\/p>\n<p>Alle Hyperlinks, die Sie auf <a href=\"http:\/\/www.schwa-medico.de\/\">www.koglekmtc.com<\/a> finden, wurden von uns bei der Erstellung der Seite gepr\u00fcft. Wir haben jedoch keinen Einfluss auf die Gestaltung und Inhalte der mittels Hyperlink verkn\u00fcpften Seiten.<\/p>\n<p>Sollten Hyperlinks nicht erreichbar sein, rechtswidrige Seiten \u00fcber die Hyperlinks abrufbar sein oder sich die auf den Seiten befindlichen Inhalte ge\u00e4ndert haben, bitten wir um eine Nachricht an office@koglekmtc.com<\/p>\n<p>&nbsp;<\/p>\n<h5><strong><span style=\"color: #800000;\">Erkl\u00e4rung zur Informationspflicht<\/span><\/strong><br \/>\n<strong> <span style=\"color: #800000;\"> (Datenschutzerkl\u00e4rung)<\/span><\/strong><\/h5>\n<h5>Der Schutz Ihrer pers\u00f6nlichen Daten ist uns ein besonderes Anliegen. Wir verarbeiten Ihre Daten daher ausschlie\u00dflich auf Grundlage der gesetzlichen Bestimmungen (DSGVO, TKG 2003). In diesen Datenschutzinformationen informieren wir Sie \u00fcber die wichtigsten Aspekte der Datenverarbeitung im Rahmen unserer Website.<\/h5>\n<p><strong>Kontakt mit uns<\/strong><\/p>\n<p>Wenn Sie per Formular auf der Website oder per E-Mail Kontakt mit uns aufnehmen, werden Ihre angegebenen Daten zwecks Bearbeitung der Anfrage und f\u00fcr den Fall von Anschlussfragen sechs Monate bei uns gespeichert. Diese Daten geben wir nicht ohne Ihre Einwilligung weiter.<\/p>\n<p><strong>Cookies<\/strong><\/p>\n<p>Unsere Website verwendet so genannte Cookies. Dabei handelt es sich um kleine Textdateien, die mit Hilfe des Browsers auf Ihrem Endger\u00e4t abgelegt werden. Sie richten keinen Schaden an.<\/p>\n<p>Wir nutzen Cookies dazu, unser Angebot nutzerfreundlich zu gestalten. Einige Cookies bleiben auf Ihrem Endger\u00e4t gespeichert, bis Sie diese l\u00f6schen. Sie erm\u00f6glichen es uns, Ihren Browser beim n\u00e4chsten Besuch wiederzuerkennen.<\/p>\n<p>Wenn Sie dies nicht w\u00fcnschen, so k\u00f6nnen Sie Ihren Browser so einrichten, dass er Sie \u00fcber das Setzen von Cookies informiert und Sie dies nur im Einzelfall erlauben.<\/p>\n<p>Bei der Deaktivierung von Cookies kann die Funktionalit\u00e4t unserer Website eingeschr\u00e4nkt sein.<\/p>\n<p><strong>Web-Analyse<\/strong><\/p>\n<p>Diese Website nutzt den Dienst \u201eGoogle Analytics\u201c, welcher von der Google Inc. (1600 Amphitheatre Parkway Mountain View, CA 94043, USA) angeboten wird, zur Analyse der Websitebenutzung durch Nutzer. Der Dienst verwendet \u201eCookies\u201c \u2013 Textdateien, welche auf Ihrem Endger\u00e4t gespeichert werden. Die durch die Cookies gesammelten Informationen werden im Regelfall an einen Google-Server in den USA gesandt und dort gespeichert.<\/p>\n<p>Auf dieser Website greift die IP-Anonymisierung. Die IP-Adresse der Nutzer wird innerhalb der Mitgliedsstaaten der EU und des Europ\u00e4ischen Wirtschaftsraum gek\u00fcrzt. Durch diese K\u00fcrzung entf\u00e4llt der Personenbezug Ihrer IP-Adresse. Im Rahmen der Vereinbarung zur Auftragsdatenvereinbarung, welche die Websitebetreiber mit der Google Inc. geschlossen haben, erstellt diese mithilfe der gesammelten Informationen eine Auswertung der Websitenutzung und der Websiteaktivit\u00e4t und erbringt mit der Internetnutzung verbundene Dienstleistungen.<\/p>\n<p>Sie haben die M\u00f6glichkeit, die Speicherung des Cookies auf Ihrem Ger\u00e4t zu verhindern, indem Sie in Ihrem Browser entsprechende Einstellungen vornehmen. Es ist nicht gew\u00e4hrleistet, dass Sie auf alle Funktionen dieser Website ohne Einschr\u00e4nkungen zugreifen k\u00f6nnen, wenn Ihr Browser keine Cookies zul\u00e4sst.<\/p>\n<p>Weiterhin k\u00f6nnen Sie durch ein Browser-Plugin verhindern, dass die durch Cookies gesammelten Informationen (inklusive Ihrer IP-Adresse) an die Google Inc. gesendet und von der Google Inc. genutzt werden. Folgender Link f\u00fchrt Sie zu dem entsprechenden Plugin: https:\/\/tools.google.com\/dlpage\/gaoptout?hl=de<br \/>\nHier finden Sie weitere Informationen zur Datennutzung durch die Google Inc.: https:\/\/support.google.com\/analytics\/answer\/6004245?hl=de<\/p>\n<p>Ihre IP-Adresse wird erfasst, aber umgehend pseudonymisiert. Dadurch ist nur mehr eine grobe Lokalisierung m\u00f6glich.<\/p>\n<p>Die Datenverarbeitung erfolgt auf Basis der gesetzlichen Bestimmungen des \u00a7 96 Abs 3 TKG sowie des Art 6 Abs 1 lit a (Einwilligung) und\/oder f (berechtigtes Interesse) der DSGVO.<\/p>\n<p>Sie k\u00f6nnen die Datenerfassung durch Google Analytics verhindern, indem Sie auf folgenden Link klicken. Es wird ein Opt-Out-Cookie gesetzt, das die zuk\u00fcnftige Erfassung Ihrer Daten beim Besuch dieser Website verhindert.\u00a0<span style=\"cursor: help; border: 0 none; border-bottom-width: 1px; border-style: dashed;\" title=\"No UA-Code has been entered. Please ask the admin to solve this issue!\">Google Analytics Deaktivieren.<\/span><\/p>\n<p>Unser Anliegen im Sinne der DSGVO (berechtigtes Interesse) ist die Verbesserung unseres Angebotes und unseres Webauftritts. Da uns die Privatsph\u00e4re unserer Nutzer wichtig ist, werden die Nutzerdaten pseudonymisiert.<\/p>\n<p>Die Nutzerdaten werden f\u00fcr die Dauer von 26\u00a0Monaten\u00a0aufbewahrt.<em>\u00a0<\/em><\/p>\n<p><strong>Kontaktformular<\/strong><\/p>\n<p>Wenn Sie uns per Kontaktformular Anfragen zukommen lassen, werden Ihre Angaben aus dem Anfrageformular inklusive der von Ihnen dort angegebenen Kontaktdaten zwecks Bearbeitung der Anfrage und f\u00fcr den Fall von Anschlussfragen bei uns gespeichert. Diese Daten geben wir nicht ohne Ihre Einwilligung weiter.<\/p>\n<p>Die Verarbeitung der in das Kontaktformular eingegebenen Daten erfolgt somit ausschlie\u00dflich auf Grundlage Ihrer Einwilligung (Art. 6 Abs. 1 lit. a DSGVO). Sie k\u00f6nnen diese Einwilligung jederzeit widerrufen. Dazu reicht eine formlose Mitteilung per E-Mail an uns. Die Rechtm\u00e4\u00dfigkeit der bis zum Widerruf erfolgten Datenverarbeitungsvorg\u00e4nge bleibt vom Widerruf unber\u00fchrt.<\/p>\n<p>Die von Ihnen im Kontaktformular eingegebenen Daten verbleiben bei uns, bis Sie uns zur L\u00f6schung auffordern, Ihre Einwilligung zur Speicherung widerrufen oder der Zweck f\u00fcr die Datenspeicherung entf\u00e4llt (z.B. nach abgeschlossener Bearbeitung Ihrer Anfrage). Zwingende gesetzliche Bestimmungen \u2013 insbesondere Aufbewahrungsfristen \u2013 bleiben unber\u00fchrt.<\/p>\n<p><strong>Ihre Rechte<\/strong><\/p>\n<p>Ihnen stehen grunds\u00e4tzlich die Rechte auf Auskunft, Berichtigung, L\u00f6schung, Einschr\u00e4nkung, Daten\u00fcbertragbarkeit, Widerruf und Widerspruch zu. Wenn Sie glauben, dass die Verarbeitung Ihrer Daten gegen das Datenschutzrecht verst\u00f6\u00dft oder Ihre datenschutzrechtlichen Anspr\u00fcche sonst in einer Weise verletzt worden sind, k\u00f6nnen Sie sich bei der Aufsichtsbeh\u00f6rde beschweren. In \u00d6sterreich ist dies die Datenschutzbeh\u00f6rde.<\/p>\n<p><strong>Sie erreichen uns unter folgenden Kontaktdaten<\/strong>:<\/p>\n<p>Koglek MTC-GmbH<br \/>\nDornau 355<br \/>\n6292 Finkenberg<br \/>\n\u00d6sterreich<br \/>\nTelefon: +43 5285 62872<br \/>\nFax: +43 5285 62872-4<br \/>\nE-Mail:\u00a0\u00a0office@koglekmtc.com<br \/>\nInternet:\u00a0www.koglekmtc.com<\/p>\n<p>Unseren Datenschutzbeauftragten erreichen Sie unter<\/p>\n<p>Maximilian Koglek<br \/>\nDornau 355<br \/>\n6292 Finkenberg<br \/>\n\u00d6sterreich<br \/>\nTelefon: +43 5285 62872<br \/>\nE-Mail:\u00a0\u00a0office@koglekmtc.com<\/p>\n<p style=\"text-align: right;\">Stand: Mai 2018<\/p>\n<p>&nbsp;<\/p>\n<p>&nbsp;<\/p>\n","protected":false},"excerpt":{"rendered":"<p>Impressum F\u00fcr diese Website verantwortlicher Herausgeber: Koglek MTC-GmbH USt-IdNr. ATU56775289 FN: 230930\/d FB-Gericht: Schwaz Mitglied der WK\u00d6, WKT Gesch\u00e4ftsf\u00fchrung: Koraljka Koglek-Matasovi\u0107, Maximilian Koglek Unsere Kontaktdaten Dornau 355 6292 Finkenberg \u00d6sterreich Telefon: +43 5285 62872 Fax: +43 5285 62872-4 E-Mail:\u00a0\u00a0office@koglekmtc.com Internet:\u00a0www.koglekmtc.com Bildernachweis: www.istock.com www.shutterstok Webdesign \/ Entwicklung: www.cbo.hr Haftungsausschluss Alle Hyperlinks, die Sie auf www.koglekmtc.com finden, [&hellip;]<\/p>\n","protected":false},"author":1,"featured_media":0,"parent":0,"menu_order":0,"comment_status":"closed","ping_status":"closed","template":"","meta":{"footnotes":""},"class_list":["post-1580","page","type-page","status-publish","hentry"],"_links":{"self":[{"href":"https:\/\/www.koglekmtc.com\/en\/wp-json\/wp\/v2\/pages\/1580"}],"collection":[{"href":"https:\/\/www.koglekmtc.com\/en\/wp-json\/wp\/v2\/pages"}],"about":[{"href":"https:\/\/www.koglekmtc.com\/en\/wp-json\/wp\/v2\/types\/page"}],"author":[{"embeddable":true,"href":"https:\/\/www.koglekmtc.com\/en\/wp-json\/wp\/v2\/users\/1"}],"replies":[{"embeddable":true,"href":"https:\/\/www.koglekmtc.com\/en\/wp-json\/wp\/v2\/comments?post=1580"}],"version-history":[{"count":3,"href":"https:\/\/www.koglekmtc.com\/en\/wp-json\/wp\/v2\/pages\/1580\/revisions"}],"predecessor-version":[{"id":2584,"href":"https:\/\/www.koglekmtc.com\/en\/wp-json\/wp\/v2\/pages\/1580\/revisions\/2584"}],"wp:attachment":[{"href":"https:\/\/www.koglekmtc.com\/en\/wp-json\/wp\/v2\/media?parent=1580"}],"curies":[{"name":"wp","href":"https:\/\/api.w.org\/{rel}","templated":true}]}}